{"id":1724,"date":"2018-06-14T20:23:27","date_gmt":"2018-06-14T18:23:27","guid":{"rendered":"https:\/\/intelligenttechnologies.pl\/regulations\/"},"modified":"2018-07-11T13:20:06","modified_gmt":"2018-07-11T11:20:06","slug":"regulations","status":"publish","type":"page","link":"https:\/\/intelligenttechnologies.pl\/en\/regulations\/","title":{"rendered":"Regulations"},"content":{"rendered":"<div class=\"wpb-content-wrapper\"><p>[vc_row unlock_row_content=&#8221;yes&#8221; row_height_percent=&#8221;70&#8243; back_image=&#8221;910&#8243; overlay_alpha=&#8221;50&#8243; gutter_size=&#8221;3&#8243; column_width_percent=&#8221;100&#8243; shift_y=&#8221;0&#8243; z_index=&#8221;0&#8243; el_class=&#8221;heading-usluga&#8221;][vc_column column_width_percent=&#8221;100&#8243; position_vertical=&#8221;middle&#8221; style=&#8221;dark&#8221; overlay_alpha=&#8221;50&#8243; gutter_size=&#8221;3&#8243; medium_width=&#8221;0&#8243; mobile_width=&#8221;0&#8243; shift_x=&#8221;0&#8243; shift_y=&#8221;0&#8243; shift_y_down=&#8221;0&#8243; z_index=&#8221;0&#8243; width=&#8221;1\/3&#8243;][vc_custom_heading heading_semantic=&#8221;h1&#8243; text_size=&#8221;fontsize-120043&#8243; text_height=&#8221;fontheight-185120&#8243; text_weight=&#8221;700&#8243;]Regulations[\/vc_custom_heading][\/vc_column][vc_column width=&#8221;1\/3&#8243;][\/vc_column][vc_column width=&#8221;1\/3&#8243;][\/vc_column][\/vc_row][vc_row row_height_percent=&#8221;0&#8243; override_padding=&#8221;yes&#8221; h_padding=&#8221;2&#8243; top_padding=&#8221;3&#8243; bottom_padding=&#8221;3&#8243; overlay_alpha=&#8221;50&#8243; gutter_size=&#8221;3&#8243; column_width_percent=&#8221;100&#8243; shift_y=&#8221;0&#8243; z_index=&#8221;0&#8243;][vc_column width=&#8221;1\/1&#8243;][vc_column_text]<a href=\"https:\/\/intelligenttechnologies.pl\/wp-content\/uploads\/2018\/07\/Regulamin-swiadczenia-uslug-telekomunikacyjnych-przez-Intelligent-Technologies-S.A_.pdf\">Regulamin \u015bwiadczenia us\u0142ug telekomunikacyjnych przez Intelligent Technologies S.A. [Plik PDF]\u00a0<\/a><\/p>\n<p><a href=\"https:\/\/intelligenttechnologies.pl\/wp-content\/uploads\/2018\/07\/Regulamin-swiadczenia-uslug-zapewnienia-dostepu-do-sieci-ADSLNET_.pdf\">Regulamin \u015bwiadczenia us\u0142ug zapewnienia dost\u0119pu do sieci ADSLNET [Plik PDF]<\/a><\/p>\n<p><a href=\"https:\/\/intelligenttechnologies.pl\/wp-content\/uploads\/2018\/07\/Regulamin-swiadczenia-uslug-zapewnienia-dostepu-do-sieci-ITNET_.pdf\">Regulamin \u015bwiadczenia us\u0142ug zapewnienia dost\u0119pu do sieci ITNET [Plik PDF]<\/a><\/p>\n<p><a href=\"https:\/\/intelligenttechnologies.pl\/wp-content\/uploads\/2018\/07\/Regulamin-swiadczenia-uslug-zapewnienia-dostepu-do-sieci-AFORTE_.pdf\">Regulamin \u015bwiadczenia us\u0142ug zapewnienia dost\u0119pu do sieci Aforte [Plik PDF]<\/a><\/p>\n<p><a href=\"https:\/\/intelligenttechnologies.pl\/wp-content\/uploads\/2018\/07\/Regulamin-swiadczenia-uslug-zapewnienia-dostepu-do-sieci-WIBI_.pdf\">Regulamin \u015bwiadczenia us\u0142ug zapewnienia dost\u0119pu do sieci WIBI [Plik PDF]<\/a><\/p>\n<p><a href=\"https:\/\/intelligenttechnologies.pl\/wp-content\/uploads\/2018\/06\/Regulamin-dla-osob-slabo-widzacych-telefonia.pdf\">Regulamin dla os\u00f3b s\u0142abo widz\u0105cych \u2013 telefonia [Plik PDF]<\/a>[\/vc_column_text][\/vc_column][\/vc_row]<\/p>\n<\/div>","protected":false},"excerpt":{"rendered":"<p>[vc_row unlock_row_content=&#8221;yes&#8221; row_height_percent=&#8221;70&#8243; back_image=&#8221;910&#8243; overlay_alpha=&#8221;50&#8243; gutter_size=&#8221;3&#8243; column_width_percent=&#8221;100&#8243; shift_y=&#8221;0&#8243; z_index=&#8221;0&#8243; el_class=&#8221;heading-usluga&#8221;][vc_column column_width_percent=&#8221;100&#8243; position_vertical=&#8221;middle&#8221; style=&#8221;dark&#8221; overlay_alpha=&#8221;50&#8243; gutter_size=&#8221;3&#8243; medium_width=&#8221;0&#8243; mobile_width=&#8221;0&#8243; shift_x=&#8221;0&#8243; shift_y=&#8221;0&#8243; shift_y_down=&#8221;0&#8243; [&hellip;]<\/p>\n","protected":false},"author":1,"featured_media":0,"parent":0,"menu_order":0,"comment_status":"closed","ping_status":"closed","template":"","meta":{"footnotes":""},"class_list":["post-1724","page","type-page","status-publish","hentry"],"aioseo_notices":[],"_links":{"self":[{"href":"https:\/\/intelligenttechnologies.pl\/en\/wp-json\/wp\/v2\/pages\/1724","targetHints":{"allow":["GET"]}}],"collection":[{"href":"https:\/\/intelligenttechnologies.pl\/en\/wp-json\/wp\/v2\/pages"}],"about":[{"href":"https:\/\/intelligenttechnologies.pl\/en\/wp-json\/wp\/v2\/types\/page"}],"author":[{"embeddable":true,"href":"https:\/\/intelligenttechnologies.pl\/en\/wp-json\/wp\/v2\/users\/1"}],"replies":[{"embeddable":true,"href":"https:\/\/intelligenttechnologies.pl\/en\/wp-json\/wp\/v2\/comments?post=1724"}],"version-history":[{"count":3,"href":"https:\/\/intelligenttechnologies.pl\/en\/wp-json\/wp\/v2\/pages\/1724\/revisions"}],"predecessor-version":[{"id":2140,"href":"https:\/\/intelligenttechnologies.pl\/en\/wp-json\/wp\/v2\/pages\/1724\/revisions\/2140"}],"wp:attachment":[{"href":"https:\/\/intelligenttechnologies.pl\/en\/wp-json\/wp\/v2\/media?parent=1724"}],"curies":[{"name":"wp","href":"https:\/\/api.w.org\/{rel}","templated":true}]}}